{"id":303224,"date":"2015-02-21T00:00:00","date_gmt":"2015-02-20T23:00:00","guid":{"rendered":"https:\/\/my-eliquid.de\/shop\/wald-brause-liquid\/"},"modified":"2025-11-25T13:54:36","modified_gmt":"2025-11-25T12:54:36","slug":"wald-brause-liquid","status":"publish","type":"product","link":"https:\/\/my-eliquid.de\/sv\/shop\/wald-brause-liquid\/","title":{"rendered":"Forest brusande v\u00e4tska"},"content":{"rendered":"<p>V\u00e5r <strong>Forest brusande v\u00e4tska<\/strong> \u00fcberzeugt mit seinem prickelnd-s\u00fc\u00dfen <strong>Waldmeister-Brause-Geschmack<\/strong> och kommer fr\u00e5n raden av <strong>S\u00f6ta v\u00e4tskor<\/strong>. Prickelt, sprudelt, spritzt und schmeckt! All unsere Fl\u00fcssigkeiten werden bei uns vor Ort produziert und entsprechen h\u00f6chsten Sicherheitsstandards. Das <strong>Wald-Brause Cream Liquid<\/strong> \u00e4r nikotinfri och finns i olika <strong>Nikotinst\u00e4rkelse<\/strong> tillg\u00e4nglig. F\u00f6r en l\u00e5ngvarig god smakutveckling rekommenderar vi att <strong>e-v\u00e4tska<\/strong> F\u00f6rvaras skyddat fr\u00e5n ljus och torrt.<\/p>","protected":false},"excerpt":{"rendered":"<p>Nu b\u00f6rjar det pirra i magen: v\u00e5r <strong>Forest brusande v\u00e4tska<\/strong> bubblar sig sj\u00e4lv med sin syrliga, s\u00f6ta <strong>Woodruff-smak<\/strong> rakt in i ditt hj\u00e4rta. Smakar gott och \u00e4r roligt!<\/p>","protected":false},"featured_media":319770,"comment_status":"open","ping_status":"closed","template":"","meta":{"_acf_changed":false,"_relevanssi_hide_post":"","_relevanssi_hide_content":"","_relevanssi_pin_for_all":"","_relevanssi_pin_keywords":"","_relevanssi_unpin_keywords":"","_relevanssi_related_keywords":"","_relevanssi_related_include_ids":"","_relevanssi_related_exclude_ids":"","_relevanssi_related_no_append":"","_relevanssi_related_not_related":"","_relevanssi_related_posts":"","_relevanssi_noindex_reason":""},"product_brand":[],"product_cat":[4731,4880,4842,4706],"product_tag":[4919,4915,5166,4917,4914,4918,5004,4920,6705],"class_list":{"0":"post-303224","1":"product","2":"type-product","3":"status-publish","4":"has-post-thumbnail","6":"product_cat-alle-liquids-fur-e-zigaretten","7":"product_cat-liquids-ohne-sucralose","8":"product_cat-my-eliquid-liquids","9":"product_cat-suesse-liquids-e-zigarette","10":"product_tag-dampfer","11":"product_tag-e-liquid","12":"product_tag-e-zigarette","13":"product_tag-e-zigi","14":"product_tag-eliquid","15":"product_tag-ezigarette","16":"product_tag-nachfuellfluessigkeit","17":"product_tag-verdampfer","18":"product_tag-wald-brause","19":"product_shipping_class-standard","21":"first","22":"outofstock","23":"taxable","24":"shipping-taxable","25":"purchasable","26":"product-type-variable"},"acf":[],"_links":{"self":[{"href":"https:\/\/my-eliquid.de\/sv\/wp-json\/wp\/v2\/product\/303224","targetHints":{"allow":["GET"]}}],"collection":[{"href":"https:\/\/my-eliquid.de\/sv\/wp-json\/wp\/v2\/product"}],"about":[{"href":"https:\/\/my-eliquid.de\/sv\/wp-json\/wp\/v2\/types\/product"}],"replies":[{"embeddable":true,"href":"https:\/\/my-eliquid.de\/sv\/wp-json\/wp\/v2\/comments?post=303224"}],"wp:featuredmedia":[{"embeddable":true,"href":"https:\/\/my-eliquid.de\/sv\/wp-json\/wp\/v2\/media\/319770"}],"wp:attachment":[{"href":"https:\/\/my-eliquid.de\/sv\/wp-json\/wp\/v2\/media?parent=303224"}],"wp:term":[{"taxonomy":"product_brand","embeddable":true,"href":"https:\/\/my-eliquid.de\/sv\/wp-json\/wp\/v2\/product_brand?post=303224"},{"taxonomy":"product_cat","embeddable":true,"href":"https:\/\/my-eliquid.de\/sv\/wp-json\/wp\/v2\/product_cat?post=303224"},{"taxonomy":"product_tag","embeddable":true,"href":"https:\/\/my-eliquid.de\/sv\/wp-json\/wp\/v2\/product_tag?post=303224"}],"curies":[{"name":"wp","href":"https:\/\/api.w.org\/{rel}","templated":true}]}}