{"id":303294,"date":"2013-08-27T00:00:00","date_gmt":"2013-08-26T22:00:00","guid":{"rendered":"https:\/\/my-eliquid.de\/shop\/magic-purge-liquid\/"},"modified":"2025-11-27T08:47:18","modified_gmt":"2025-11-27T07:47:18","slug":"magic-purge-liquid","status":"publish","type":"product","link":"https:\/\/my-eliquid.de\/sv\/shop\/magic-purge-liquid\/","title":{"rendered":"Magic Purge-v\u00e4tska"},"content":{"rendered":"<p>V\u00e5r <strong>Magic Purge-v\u00e4tska<\/strong> mischt die k\u00f6stlichen Aromen von <strong>leckerer Erdbeere, saftiger Blaubeere<\/strong> und dem frischen Hauch <strong>mentol<\/strong> och kommer fr\u00e5n raden av <strong>S\u00e4rskilda v\u00e4tskor<\/strong>. Kein Hokuspokus, sondern magischer Geschmack, der sofort verzaubert! All unsere <strong>V\u00e4tskor<\/strong> werden bei uns vor Ort produziert und entsprechen h\u00f6chsten Sicherheitsstandards. Das <strong>Magic Purge-v\u00e4tska<\/strong> ist <strong>nikotinfri<\/strong> sowie in unterschiedlichen <strong>Nikotinst\u00e4rkelse<\/strong> tillg\u00e4nglig. F\u00f6r en l\u00e5ngvarig god smakutveckling rekommenderar vi att <strong>e-v\u00e4tska<\/strong> F\u00f6rvaras skyddat fr\u00e5n ljus och torrt.<\/p>","protected":false},"excerpt":{"rendered":"<p>Namnet s\u00e4ger allt: V\u00e5r <strong>Magic Purge-v\u00e4tska<\/strong> f\u00f6rtrollar dig med sin magiska blandning av <strong>Fruktig jordgubb, s\u00f6t bl\u00e5b\u00e4r och frisk mentolnot<\/strong>!<\/p>","protected":false},"featured_media":319222,"comment_status":"open","ping_status":"closed","template":"","meta":{"_acf_changed":false,"_relevanssi_hide_post":"","_relevanssi_hide_content":"","_relevanssi_pin_for_all":"","_relevanssi_pin_keywords":"","_relevanssi_unpin_keywords":"","_relevanssi_related_keywords":"","_relevanssi_related_include_ids":"","_relevanssi_related_exclude_ids":"","_relevanssi_related_no_append":"","_relevanssi_related_not_related":"","_relevanssi_related_posts":"","_relevanssi_noindex_reason":""},"product_brand":[],"product_cat":[4731,4689,4880,4842,4693],"product_tag":[4919,4915,5166,4917,4914,4918,6855,5004,6856,4920],"class_list":{"0":"post-303294","1":"product","2":"type-product","3":"status-publish","4":"has-post-thumbnail","6":"product_cat-alle-liquids-fur-e-zigaretten","7":"product_cat-eliquids","8":"product_cat-liquids-ohne-sucralose","9":"product_cat-my-eliquid-liquids","10":"product_cat-special-liquids-e-zigarette","11":"product_tag-dampfer","12":"product_tag-e-liquid","13":"product_tag-e-zigarette","14":"product_tag-e-zigi","15":"product_tag-eliquid","16":"product_tag-ezigarette","17":"product_tag-magic","18":"product_tag-nachfuellfluessigkeit","19":"product_tag-time","20":"product_tag-verdampfer","21":"product_shipping_class-standard","23":"first","24":"instock","25":"taxable","26":"shipping-taxable","27":"purchasable","28":"product-type-variable"},"acf":[],"_links":{"self":[{"href":"https:\/\/my-eliquid.de\/sv\/wp-json\/wp\/v2\/product\/303294","targetHints":{"allow":["GET"]}}],"collection":[{"href":"https:\/\/my-eliquid.de\/sv\/wp-json\/wp\/v2\/product"}],"about":[{"href":"https:\/\/my-eliquid.de\/sv\/wp-json\/wp\/v2\/types\/product"}],"replies":[{"embeddable":true,"href":"https:\/\/my-eliquid.de\/sv\/wp-json\/wp\/v2\/comments?post=303294"}],"wp:featuredmedia":[{"embeddable":true,"href":"https:\/\/my-eliquid.de\/sv\/wp-json\/wp\/v2\/media\/319222"}],"wp:attachment":[{"href":"https:\/\/my-eliquid.de\/sv\/wp-json\/wp\/v2\/media?parent=303294"}],"wp:term":[{"taxonomy":"product_brand","embeddable":true,"href":"https:\/\/my-eliquid.de\/sv\/wp-json\/wp\/v2\/product_brand?post=303294"},{"taxonomy":"product_cat","embeddable":true,"href":"https:\/\/my-eliquid.de\/sv\/wp-json\/wp\/v2\/product_cat?post=303294"},{"taxonomy":"product_tag","embeddable":true,"href":"https:\/\/my-eliquid.de\/sv\/wp-json\/wp\/v2\/product_tag?post=303294"}],"curies":[{"name":"wp","href":"https:\/\/api.w.org\/{rel}","templated":true}]}}