{"id":303316,"date":"2011-10-01T00:00:00","date_gmt":"2011-09-30T22:00:00","guid":{"rendered":"https:\/\/my-eliquid.de\/shop\/erdbeere-liquid\/"},"modified":"2026-01-05T08:28:46","modified_gmt":"2026-01-05T07:28:46","slug":"erdbeere-liquid","status":"publish","type":"product","link":"https:\/\/my-eliquid.de\/sv\/shop\/erdbeere-liquid\/","title":{"rendered":"Jordgubbsv\u00e4tska"},"content":{"rendered":"<p>V\u00e5r <strong>Jordgubbsv\u00e4tska<\/strong> schmeckt nach reifer, aromatisch-s\u00fc\u00dfer <strong>jordgubbe<\/strong> och kommer fr\u00e5n raden av <strong>V\u00e4tskor fr\u00e5n frukt<\/strong>. <strong>Nat\u00fcrlich<\/strong> und pur \u2013 Das unvergesslich-k\u00f6stliche Erdbeer-Erlebnis! All unsere Fl\u00fcssigkeiten werden bei uns vor Ort produziert und entsprechen h\u00f6chsten Sicherheitsstandards. Das <strong>Jordgubbsv\u00e4tska<\/strong> \u00e4r nikotinfri och finns i olika <strong>Nikotinst\u00e4rkelse<\/strong> tillg\u00e4nglig. F\u00f6r en l\u00e5ngvarig god smakutveckling rekommenderar vi att <strong>e-v\u00e4tska<\/strong> F\u00f6rvaras skyddat fr\u00e5n ljus och torrt.<\/p>","protected":false},"excerpt":{"rendered":"<p>Das vollmundige <strong>arom<\/strong> der roten K\u00f6stlichkeit wie frisch vom Erdbeerfeld: Unser <strong>Jordgubbsv\u00e4tska<\/strong> beschert Ihnen den garantierten Geschmack von leckerer <strong>jordgubbe<\/strong>!<\/p>","protected":false},"featured_media":319311,"comment_status":"open","ping_status":"closed","template":"","meta":{"_acf_changed":false,"_relevanssi_hide_post":"","_relevanssi_hide_content":"","_relevanssi_pin_for_all":"","_relevanssi_pin_keywords":"","_relevanssi_unpin_keywords":"","_relevanssi_related_keywords":"","_relevanssi_related_include_ids":"","_relevanssi_related_exclude_ids":"","_relevanssi_related_no_append":"","_relevanssi_related_not_related":"","_relevanssi_related_posts":"","_relevanssi_noindex_reason":""},"product_brand":[],"product_cat":[4731,4690,4880,4842],"product_tag":[5411,5803,4942,6712,5805,5792],"class_list":{"0":"post-303316","1":"product","2":"type-product","3":"status-publish","4":"has-post-thumbnail","6":"product_cat-alle-liquids-fur-e-zigaretten","7":"product_cat-frucht-liquids-e-zigarette","8":"product_cat-liquids-ohne-sucralose","9":"product_cat-my-eliquid-liquids","10":"product_tag-e-zigaretten","11":"product_tag-erdbeere","12":"product_tag-frucht","13":"product_tag-fuer","14":"product_tag-liquid","15":"product_tag-liquids","16":"product_shipping_class-standard","18":"first","19":"instock","20":"taxable","21":"shipping-taxable","22":"purchasable","23":"product-type-variable"},"acf":[],"_links":{"self":[{"href":"https:\/\/my-eliquid.de\/sv\/wp-json\/wp\/v2\/product\/303316","targetHints":{"allow":["GET"]}}],"collection":[{"href":"https:\/\/my-eliquid.de\/sv\/wp-json\/wp\/v2\/product"}],"about":[{"href":"https:\/\/my-eliquid.de\/sv\/wp-json\/wp\/v2\/types\/product"}],"replies":[{"embeddable":true,"href":"https:\/\/my-eliquid.de\/sv\/wp-json\/wp\/v2\/comments?post=303316"}],"wp:featuredmedia":[{"embeddable":true,"href":"https:\/\/my-eliquid.de\/sv\/wp-json\/wp\/v2\/media\/319311"}],"wp:attachment":[{"href":"https:\/\/my-eliquid.de\/sv\/wp-json\/wp\/v2\/media?parent=303316"}],"wp:term":[{"taxonomy":"product_brand","embeddable":true,"href":"https:\/\/my-eliquid.de\/sv\/wp-json\/wp\/v2\/product_brand?post=303316"},{"taxonomy":"product_cat","embeddable":true,"href":"https:\/\/my-eliquid.de\/sv\/wp-json\/wp\/v2\/product_cat?post=303316"},{"taxonomy":"product_tag","embeddable":true,"href":"https:\/\/my-eliquid.de\/sv\/wp-json\/wp\/v2\/product_tag?post=303316"}],"curies":[{"name":"wp","href":"https:\/\/api.w.org\/{rel}","templated":true}]}}