{"id":303325,"date":"2012-02-12T00:00:00","date_gmt":"2012-02-11T23:00:00","guid":{"rendered":"https:\/\/my-eliquid.de\/shop\/kakao-liquid\/"},"modified":"2025-11-25T13:50:43","modified_gmt":"2025-11-25T12:50:43","slug":"kakao-liquid","status":"publish","type":"product","link":"https:\/\/my-eliquid.de\/sv\/shop\/kakao-liquid\/","title":{"rendered":"Kakaov\u00e4tska"},"content":{"rendered":"<p>V\u00e5r <strong>Kakaov\u00e4tska<\/strong> med sin bitterljuva smak av varm choklad kommer fr\u00e5n raden av <strong>Drycker V\u00e4tskor<\/strong>. F\u00f6rf\u00f6riskt bitter m\u00f6ter sensuellt s\u00f6t i denna oemotst\u00e5ndliga skapelse. Alla v\u00e5ra v\u00e4tskor produceras p\u00e5 plats och uppfyller de h\u00f6gsta s\u00e4kerhetsstandarderna. Den <strong>Kakaov\u00e4tska<\/strong> \u00e4r nikotinfri och finns i olika <strong>Nikotinst\u00e4rkelse<\/strong> tillg\u00e4nglig. F\u00f6r en l\u00e5ngvarig god smakutveckling rekommenderar vi att <strong>e-v\u00e4tska<\/strong> F\u00f6rvaras skyddat fr\u00e5n ljus och torrt.<\/p>","protected":false},"excerpt":{"rendered":"<p>Fyllig drickchoklad och en behaglig bitter ton blandas i v\u00e5r v\u00e4lsmakande <strong>Kakaov\u00e4tska<\/strong> en frestande njutning f\u00f6r dina sinnen.<\/p>","protected":false},"featured_media":319324,"comment_status":"open","ping_status":"closed","template":"","meta":{"_acf_changed":false,"_relevanssi_hide_post":"","_relevanssi_hide_content":"","_relevanssi_pin_for_all":"","_relevanssi_pin_keywords":"","_relevanssi_unpin_keywords":"","_relevanssi_related_keywords":"","_relevanssi_related_include_ids":"","_relevanssi_related_exclude_ids":"","_relevanssi_related_no_append":"","_relevanssi_related_not_related":"","_relevanssi_related_posts":"","_relevanssi_noindex_reason":""},"product_brand":[],"product_cat":[4731,4692,4689,4880,4842],"product_tag":[5086,5085,4919,4915,5166,4917,4914,4918,5084,5004,4920],"class_list":{"0":"post-303325","1":"product","2":"type-product","3":"status-publish","4":"has-post-thumbnail","6":"product_cat-alle-liquids-fur-e-zigaretten","7":"product_cat-drinks-liquids-e-zigarette","8":"product_cat-eliquids","9":"product_cat-liquids-ohne-sucralose","10":"product_cat-my-eliquid-liquids","11":"product_tag-cacao","12":"product_tag-cocoa","13":"product_tag-dampfer","14":"product_tag-e-liquid","15":"product_tag-e-zigarette","16":"product_tag-e-zigi","17":"product_tag-eliquid","18":"product_tag-ezigarette","19":"product_tag-kakao","20":"product_tag-nachfuellfluessigkeit","21":"product_tag-verdampfer","22":"product_shipping_class-standard","24":"first","25":"outofstock","26":"taxable","27":"shipping-taxable","28":"purchasable","29":"product-type-variable"},"acf":[],"_links":{"self":[{"href":"https:\/\/my-eliquid.de\/sv\/wp-json\/wp\/v2\/product\/303325","targetHints":{"allow":["GET"]}}],"collection":[{"href":"https:\/\/my-eliquid.de\/sv\/wp-json\/wp\/v2\/product"}],"about":[{"href":"https:\/\/my-eliquid.de\/sv\/wp-json\/wp\/v2\/types\/product"}],"replies":[{"embeddable":true,"href":"https:\/\/my-eliquid.de\/sv\/wp-json\/wp\/v2\/comments?post=303325"}],"wp:featuredmedia":[{"embeddable":true,"href":"https:\/\/my-eliquid.de\/sv\/wp-json\/wp\/v2\/media\/319324"}],"wp:attachment":[{"href":"https:\/\/my-eliquid.de\/sv\/wp-json\/wp\/v2\/media?parent=303325"}],"wp:term":[{"taxonomy":"product_brand","embeddable":true,"href":"https:\/\/my-eliquid.de\/sv\/wp-json\/wp\/v2\/product_brand?post=303325"},{"taxonomy":"product_cat","embeddable":true,"href":"https:\/\/my-eliquid.de\/sv\/wp-json\/wp\/v2\/product_cat?post=303325"},{"taxonomy":"product_tag","embeddable":true,"href":"https:\/\/my-eliquid.de\/sv\/wp-json\/wp\/v2\/product_tag?post=303325"}],"curies":[{"name":"wp","href":"https:\/\/api.w.org\/{rel}","templated":true}]}}