{"id":304978,"date":"2020-05-28T00:00:00","date_gmt":"2020-05-27T22:00:00","guid":{"rendered":"https:\/\/my-eliquid.de\/shop\/geekvape-aegis-boost-rba-pod\/"},"modified":"2025-11-25T13:49:29","modified_gmt":"2025-11-25T12:49:29","slug":"geekvape-aegis-boost-rba-pod","status":"publish","type":"product","link":"https:\/\/my-eliquid.de\/sv\/shop\/geekvape-aegis-boost-rba-pod\/","title":{"rendered":"GeekVape | Aegis Boost RBA Pod"},"content":{"rendered":"<p><strong>GeekVape Aegis Boost RBA Pod<\/strong><\/p>\n<p>Entdecken Sie die innovative RBA-Einheit (Selbstwickel-Einheit) von GeekVape f\u00fcr das Aegis Boost System. Mit dieser flexiblen Einheit k\u00f6nnen Sie Ihren Pod individuell mit eigenen Coils best\u00fccken, um so ein pers\u00f6nliches und optimiertes Dampferlebnis zu kreieren. Das gro\u00dfz\u00fcgige F\u00fcllvolumen von 2 ml sorgt dabei f\u00fcr eine komfortable Nutzung, die sich ideal an Ihre Bed\u00fcrfnisse anpasst.<\/p>\n<p>Die RBA-Einheit vereint Individualit\u00e4t und einfache Handhabung \u2013 perfekt f\u00fcr anspruchsvolle Nutzer, die Wert auf ma\u00dfgeschneiderte Coils und ein intensives Geschmackserlebnis legen.<\/p>\n<p><strong>Viktiga anm\u00e4rkningar och s\u00e4kerhetsanvisningar:<\/strong><br \/> - Denna produkt \u00e4r endast avsedd att anv\u00e4ndas av personer som \u00e4r 18 \u00e5r eller \u00e4ldre.<br \/> \u2022 Verwenden Sie die RBA-Einheit ausschlie\u00dflich f\u00fcr den vorgesehenen Zweck: den Aufbau eigener Coils in Kombination mit kompatiblen Ger\u00e4ten.<br \/> \u2022 Unsachgem\u00e4\u00dfer Zusammenbau oder die Verwendung inkompatibler Coils k\u00f6nnen zu Funktionsst\u00f6rungen, \u00dcberhitzung oder anderen Gefahren f\u00fchren. Bitte befolgen Sie stets die Herstelleranweisungen.<br \/> - H\u00e5ll produkten borta fr\u00e5n barn och obeh\u00f6riga personer.<br \/> \u2022 Entsorgen Sie nicht mehr verwendbare Komponenten gem\u00e4\u00df den geltenden gesetzlichen Bestimmungen und Entsorgungsrichtlinien.<\/p>\n<p>Profitieren Sie von der Flexibilit\u00e4t und dem hohen Qualit\u00e4tsanspruch der GeekVape Aegis Boost RBA Pod \u2013 Ihr idealer Begleiter f\u00fcr ein individuelles und intensives Dampferlebnis.<\/p>","protected":false},"excerpt":{"rendered":"<p>GeekVape levererar nu en RBA-enhet med 2 ml p\u00e5fyllningsvolym f\u00f6r Aegis Boost Pod System.<\/p>","protected":false},"featured_media":319586,"comment_status":"open","ping_status":"closed","template":"","meta":{"_acf_changed":false,"_relevanssi_hide_post":"","_relevanssi_hide_content":"","_relevanssi_pin_for_all":"","_relevanssi_pin_keywords":"","_relevanssi_unpin_keywords":"","_relevanssi_related_keywords":"","_relevanssi_related_include_ids":"","_relevanssi_related_exclude_ids":"","_relevanssi_related_no_append":"","_relevanssi_related_not_related":"","_relevanssi_related_posts":"","_relevanssi_noindex_reason":""},"product_brand":[],"product_cat":[4713,4781,4780,4814,4789,4774,4778],"product_tag":[7105,7106,5411,6108,6071,5859,7146,5251,4920,5423],"class_list":{"0":"post-304978","1":"product","2":"type-product","3":"status-publish","4":"has-post-thumbnail","6":"product_cat-e-zigaretten","7":"product_cat-e-zigaretten-hersteller","8":"product_cat-ersatzteile","9":"product_cat-geekvape","10":"product_cat-selbstwickler-1","11":"product_cat-verdampfer","12":"product_cat-verdampferkoepfe","13":"product_tag-aegis","14":"product_tag-boost","15":"product_tag-e-zigaretten","16":"product_tag-ersatzteile","17":"product_tag-geekvape","18":"product_tag-pod","19":"product_tag-rba","20":"product_tag-selbstwickler","21":"product_tag-verdampfer","22":"product_tag-verdampferkoepfe","23":"product_shipping_class-standard","25":"first","26":"instock","27":"taxable","28":"shipping-taxable","29":"purchasable","30":"product-type-simple"},"acf":[],"_links":{"self":[{"href":"https:\/\/my-eliquid.de\/sv\/wp-json\/wp\/v2\/product\/304978","targetHints":{"allow":["GET"]}}],"collection":[{"href":"https:\/\/my-eliquid.de\/sv\/wp-json\/wp\/v2\/product"}],"about":[{"href":"https:\/\/my-eliquid.de\/sv\/wp-json\/wp\/v2\/types\/product"}],"replies":[{"embeddable":true,"href":"https:\/\/my-eliquid.de\/sv\/wp-json\/wp\/v2\/comments?post=304978"}],"wp:featuredmedia":[{"embeddable":true,"href":"https:\/\/my-eliquid.de\/sv\/wp-json\/wp\/v2\/media\/319586"}],"wp:attachment":[{"href":"https:\/\/my-eliquid.de\/sv\/wp-json\/wp\/v2\/media?parent=304978"}],"wp:term":[{"taxonomy":"product_brand","embeddable":true,"href":"https:\/\/my-eliquid.de\/sv\/wp-json\/wp\/v2\/product_brand?post=304978"},{"taxonomy":"product_cat","embeddable":true,"href":"https:\/\/my-eliquid.de\/sv\/wp-json\/wp\/v2\/product_cat?post=304978"},{"taxonomy":"product_tag","embeddable":true,"href":"https:\/\/my-eliquid.de\/sv\/wp-json\/wp\/v2\/product_tag?post=304978"}],"curies":[{"name":"wp","href":"https:\/\/api.w.org\/{rel}","templated":true}]}}