{"id":304980,"date":"2020-05-28T00:00:00","date_gmt":"2020-05-27T22:00:00","guid":{"rendered":"https:\/\/my-eliquid.de\/shop\/dotmod-dotaio-rba-einheit\/"},"modified":"2026-03-25T09:05:57","modified_gmt":"2026-03-25T08:05:57","slug":"dotmod-dotaio-rba-einheit","status":"publish","type":"product","link":"https:\/\/my-eliquid.de\/sv\/shop\/dotmod-dotaio-rba-einheit\/","title":{"rendered":"DotMod | dotAIO RBA-enhet"},"content":{"rendered":"<p>DotMod dotAIO RBA-Einheit<\/p>\n<p>Mit der RBA Einheit kann das DotMod dotAIO Kit als Selbstwickel Pod System genutzt werden. Die Selbstwickeleinheit hat Postless Deck f\u00fcr eigene Wicklungen.\u00a0<span>Das Wickeldeck ist f\u00fcr eine Wicklung (Single Coil) ausgelegt. Der Luftzug kann mithilfe der vierfach verstellbare Airflow-Control an der Base der RBA auch eingestellt werden.<\/span><\/p>\n<p><span>Mit dem 510er Adapter kann jedes Wickeltool und Akkutr\u00e4ger benutzt werden um die Dr\u00e4hte auszugl\u00fchen und den Widerstand der Coil gemessen werden.\u00a0<\/span>Desweiteren ist ein extra Pod enthalten, welcher ein F\u00fcllvolumen von 2,7ml hat.<\/p>\n<h3><span>Merkmale der\u00a0DotMod dotAio RBA<\/span><\/h3>\n<ul>\n<li><span>Postless Deck<\/span><\/li>\n<li><span>Singe Coil<\/span><\/li>\n<li>verstellbare Airflow-Control<\/li>\n<li>510er Adapter f\u00fcr Wickeltool\/Akkutr\u00e4ger<\/li>\n<li>F\u00fcllvolumen 2,7ml<\/li>\n<\/ul>","protected":false},"excerpt":{"rendered":"<p>DotMod dotAIO RBA-enhet med pod 2,7 ml fyllningsvolym och en 510 adapter f\u00f6r bearbetning av spolarna.<\/p>","protected":false},"featured_media":319355,"comment_status":"open","ping_status":"closed","template":"","meta":{"_acf_changed":false,"_relevanssi_hide_post":"","_relevanssi_hide_content":"","_relevanssi_pin_for_all":"","_relevanssi_pin_keywords":"","_relevanssi_unpin_keywords":"","_relevanssi_related_keywords":"","_relevanssi_related_include_ids":"","_relevanssi_related_exclude_ids":"","_relevanssi_related_no_append":"","_relevanssi_related_not_related":"","_relevanssi_related_posts":"","_relevanssi_noindex_reason":""},"product_brand":[],"product_cat":[4887,4713,4781,4780,4789,4719,4774],"product_tag":[6355,6353,5411,6108,7627,5251,4920,4982],"class_list":{"0":"post-304980","1":"product","2":"type-product","3":"status-publish","4":"has-post-thumbnail","6":"product_cat-dotmod","7":"product_cat-e-zigaretten","8":"product_cat-e-zigaretten-hersteller","9":"product_cat-ersatzteile","10":"product_cat-selbstwickler-1","11":"product_cat-selbstwickler-dampfer","12":"product_cat-verdampfer","13":"product_tag-dotaio","14":"product_tag-dotmod","15":"product_tag-e-zigaretten","16":"product_tag-ersatzteile","17":"product_tag-rba-einheit","18":"product_tag-selbstwickler","19":"product_tag-verdampfer","20":"product_tag-zubehoer","21":"product_shipping_class-standard","23":"first","24":"outofstock","25":"taxable","26":"shipping-taxable","27":"purchasable","28":"product-type-simple"},"acf":[],"_links":{"self":[{"href":"https:\/\/my-eliquid.de\/sv\/wp-json\/wp\/v2\/product\/304980","targetHints":{"allow":["GET"]}}],"collection":[{"href":"https:\/\/my-eliquid.de\/sv\/wp-json\/wp\/v2\/product"}],"about":[{"href":"https:\/\/my-eliquid.de\/sv\/wp-json\/wp\/v2\/types\/product"}],"replies":[{"embeddable":true,"href":"https:\/\/my-eliquid.de\/sv\/wp-json\/wp\/v2\/comments?post=304980"}],"wp:featuredmedia":[{"embeddable":true,"href":"https:\/\/my-eliquid.de\/sv\/wp-json\/wp\/v2\/media\/319355"}],"wp:attachment":[{"href":"https:\/\/my-eliquid.de\/sv\/wp-json\/wp\/v2\/media?parent=304980"}],"wp:term":[{"taxonomy":"product_brand","embeddable":true,"href":"https:\/\/my-eliquid.de\/sv\/wp-json\/wp\/v2\/product_brand?post=304980"},{"taxonomy":"product_cat","embeddable":true,"href":"https:\/\/my-eliquid.de\/sv\/wp-json\/wp\/v2\/product_cat?post=304980"},{"taxonomy":"product_tag","embeddable":true,"href":"https:\/\/my-eliquid.de\/sv\/wp-json\/wp\/v2\/product_tag?post=304980"}],"curies":[{"name":"wp","href":"https:\/\/api.w.org\/{rel}","templated":true}]}}