{"id":304982,"date":"2023-01-12T00:00:00","date_gmt":"2023-01-11T23:00:00","guid":{"rendered":"https:\/\/my-eliquid.de\/shop\/nevoks-feelin-leerpod\/"},"modified":"2025-11-25T13:51:51","modified_gmt":"2025-11-25T12:51:51","slug":"nevoks-feelin-leerpod","status":"publish","type":"product","link":"https:\/\/my-eliquid.de\/sv\/shop\/nevoks-feelin-leerpod\/","title":{"rendered":"Nevoks | Feelin (Feelin C1) | Ers\u00e4ttningspod utan coil"},"content":{"rendered":"<p><!--EndFragment--><\/p>\n<p><span style=\"font-size: medium;\">Die Nevoks Feelin (Feelin C1) Leerpods sind erstklassige Pod-Verdampfer, die im beliebten Feelin Pod-Kit von Nevoks eingesetzt werden. Jeder diese Pods bietet ein besonders attraktives Tankvolumen von 2,8ml. Da der Tank der Pods transparent gehalten wurde, kann der Vaper stets den Liquidstand kontrollieren und bei Bedarf rechtzeitig nachf\u00fcllen. Dies geschieht \u00fcber ein komfortables Side-Fill-System.<\/span><\/p>","protected":false},"excerpt":{"rendered":"<p><span>Nevoks Feelin empty pods erbjuder perfekt flexibilitet och \u00e4r d\u00e4rf\u00f6r l\u00e4mpliga f\u00f6r b\u00e5de MTL och RDL.<\/span><\/p>","protected":false},"featured_media":319391,"comment_status":"open","ping_status":"closed","template":"","meta":{"_acf_changed":false,"_relevanssi_hide_post":"","_relevanssi_hide_content":"","_relevanssi_pin_for_all":"","_relevanssi_pin_keywords":"","_relevanssi_unpin_keywords":"","_relevanssi_related_keywords":"","_relevanssi_related_include_ids":"","_relevanssi_related_exclude_ids":"","_relevanssi_related_no_append":"","_relevanssi_related_not_related":"","_relevanssi_related_posts":"","_relevanssi_noindex_reason":""},"product_brand":[],"product_cat":[4788,4713,4781,4722,4900,4774,4778],"product_tag":[1391,5646,6360,6744,7046,6480,6722,4920,5423],"class_list":{"0":"post-304982","1":"product","2":"type-product","3":"status-publish","4":"has-post-thumbnail","6":"product_cat-clearomizer","7":"product_cat-e-zigaretten","8":"product_cat-e-zigaretten-hersteller","9":"product_cat-neuheiten","10":"product_cat-nevoks","11":"product_cat-verdampfer","12":"product_cat-verdampferkoepfe","13":"product_tag-bitte","14":"product_tag-clearomizer","15":"product_tag-coil","16":"product_tag-ersatzpod","17":"product_tag-feelin","18":"product_tag-nevoks","19":"product_tag-ohne","20":"product_tag-verdampfer","21":"product_tag-verdampferkoepfe","22":"product_shipping_class-standard","24":"first","25":"instock","26":"taxable","27":"shipping-taxable","28":"purchasable","29":"product-type-simple"},"acf":[],"_links":{"self":[{"href":"https:\/\/my-eliquid.de\/sv\/wp-json\/wp\/v2\/product\/304982","targetHints":{"allow":["GET"]}}],"collection":[{"href":"https:\/\/my-eliquid.de\/sv\/wp-json\/wp\/v2\/product"}],"about":[{"href":"https:\/\/my-eliquid.de\/sv\/wp-json\/wp\/v2\/types\/product"}],"replies":[{"embeddable":true,"href":"https:\/\/my-eliquid.de\/sv\/wp-json\/wp\/v2\/comments?post=304982"}],"wp:featuredmedia":[{"embeddable":true,"href":"https:\/\/my-eliquid.de\/sv\/wp-json\/wp\/v2\/media\/319391"}],"wp:attachment":[{"href":"https:\/\/my-eliquid.de\/sv\/wp-json\/wp\/v2\/media?parent=304982"}],"wp:term":[{"taxonomy":"product_brand","embeddable":true,"href":"https:\/\/my-eliquid.de\/sv\/wp-json\/wp\/v2\/product_brand?post=304982"},{"taxonomy":"product_cat","embeddable":true,"href":"https:\/\/my-eliquid.de\/sv\/wp-json\/wp\/v2\/product_cat?post=304982"},{"taxonomy":"product_tag","embeddable":true,"href":"https:\/\/my-eliquid.de\/sv\/wp-json\/wp\/v2\/product_tag?post=304982"}],"curies":[{"name":"wp","href":"https:\/\/api.w.org\/{rel}","templated":true}]}}