{"id":304994,"date":"2025-03-27T00:00:00","date_gmt":"2025-03-26T23:00:00","guid":{"rendered":"https:\/\/my-eliquid.de\/shop\/ijoy-combo-rdta-6-5ml-tank-verdampfer-selbstwickler-25mm-disabled\/"},"modified":"2026-02-06T10:45:54","modified_gmt":"2026-02-06T09:45:54","slug":"ijoy-combo-rdta-6-5ml-tank-verdampfer-selbstwickler-25mm-disabled","status":"publish","type":"product","link":"https:\/\/my-eliquid.de\/sv\/shop\/ijoy-combo-rdta-6-5ml-tank-verdampfer-selbstwickler-25mm-disabled\/","title":{"rendered":"ijoy | Combo RDTA | 6,5 ml | Tank Vaporiser | 25 mm"},"content":{"rendered":"<p><strong>Kombinera utan gr\u00e4nser - stridsvagnen som kan g\u00f6ra allt!<\/strong><\/p>\n<p> Oavsett om det \u00e4r som droppare eller klassisk tankf\u00f6r\u00e5ngare - Combo RDTA erbjuder dig b\u00e5da: den intensiva smaken hos en droppare och r\u00e4ckvidden hos ett tanksystem. Med en diameter p\u00e5 25 mm och en kapacitet p\u00e5 6,5 ml imponerar denna h\u00f6gkvalitativa f\u00f6r\u00e5ngare, som \u00e4r tillverkad av rostfritt st\u00e5l och Pyrex-glas, inte bara funktionellt utan ocks\u00e5 visuellt - en riktig fest f\u00f6r \u00f6gonen tack vare sina klara linjer.<\/p>\n<p>Den stegl\u00f6st justerbara luftfl\u00f6desriktningen m\u00f6jligg\u00f6r individuell justering fr\u00e5n parallellt till tv\u00e4rs mot coilsen, medan PEEK-isolatorer och Delrin-munstycken effektivt bidrar till att avleda driftv\u00e4rmen. Det innovativa sidofyllningssystemet s\u00e4kerst\u00e4ller ocks\u00e5 bekv\u00e4m fyllning.<\/p>\n<p>Det stora utbudet av m\u00f6jliga d\u00e4ck \u00e4r s\u00e4rskilt attraktivt f\u00f6r sj\u00e4lvbindare: I satsen ing\u00e5r Velocity-liknande dubbeld\u00e4ck och IMC-2-d\u00e4ck med tv\u00e5 kl\u00e4mmor. De gener\u00f6st tilltagna plattorna med en diameter p\u00e5 20,5 mm \u00e4r guldpl\u00e4terade och garanterar d\u00e4rf\u00f6r optimal ledningsf\u00f6rm\u00e5ga.<\/p>\n<p><strong>Viktiga anm\u00e4rkningar och s\u00e4kerhetsanvisningar:<\/strong><br \/> - Denna produkt \u00e4r endast avsedd att anv\u00e4ndas av personer som \u00e4r 18 \u00e5r eller \u00e4ldre.<br \/> - Installera och anv\u00e4nd endast f\u00f6r\u00e5ngaren i enlighet med tillverkarens anvisningar.<br \/> - Felaktig anv\u00e4ndning eller montering kan leda till funktionsst\u00f6rningar eller personskador.<br \/> - H\u00e5ll produkten borta fr\u00e5n barn och obeh\u00f6riga personer.<br \/> - F\u00f6lj alltid g\u00e4llande lagbest\u00e4mmelser och riktlinjer f\u00f6r avfallshantering.<\/p>","protected":false},"excerpt":{"rendered":"<p>Den <strong>COMBO RDTA<\/strong> \u00e4r den f\u00f6rsta RDTA-tanken med ett utbytbart, guldpl\u00e4terat d\u00e4ck som g\u00f6r det m\u00f6jligt att anv\u00e4nda prefabricerade spolar - perfekt f\u00f6r flexibla vapingupplevelser. Endast f\u00f6r anv\u00e4ndning fr\u00e5n 18 \u00e5rs \u00e5lder.<\/p>","protected":false},"featured_media":319939,"comment_status":"open","ping_status":"closed","template":"","meta":{"_acf_changed":false,"_relevanssi_hide_post":"","_relevanssi_hide_content":"","_relevanssi_pin_for_all":"","_relevanssi_pin_keywords":"","_relevanssi_unpin_keywords":"","_relevanssi_related_keywords":"","_relevanssi_related_include_ids":"","_relevanssi_related_exclude_ids":"","_relevanssi_related_no_append":"","_relevanssi_related_not_related":"","_relevanssi_related_posts":"","_relevanssi_noindex_reason":""},"product_brand":[],"product_cat":[4713,4781,4813,4789,4774],"product_tag":[7069,7070,7309,1391,5646,7817,5684,7818,5251,5174,4920],"class_list":{"0":"post-304994","1":"product","2":"type-product","3":"status-publish","4":"has-post-thumbnail","6":"product_cat-e-zigaretten","7":"product_cat-e-zigaretten-hersteller","8":"product_cat-ijoy","9":"product_cat-selbstwickler-1","10":"product_cat-verdampfer","11":"product_tag-25mm","12":"product_tag-5ml","13":"product_tag-7309","14":"product_tag-bitte","15":"product_tag-clearomizer","16":"product_tag-combo","17":"product_tag-ijoy","18":"product_tag-rdta","19":"product_tag-selbstwickler","20":"product_tag-tank","21":"product_tag-verdampfer","22":"product_shipping_class-standard","24":"first","25":"outofstock","26":"taxable","27":"shipping-taxable","28":"purchasable","29":"product-type-variable"},"acf":[],"_links":{"self":[{"href":"https:\/\/my-eliquid.de\/sv\/wp-json\/wp\/v2\/product\/304994","targetHints":{"allow":["GET"]}}],"collection":[{"href":"https:\/\/my-eliquid.de\/sv\/wp-json\/wp\/v2\/product"}],"about":[{"href":"https:\/\/my-eliquid.de\/sv\/wp-json\/wp\/v2\/types\/product"}],"replies":[{"embeddable":true,"href":"https:\/\/my-eliquid.de\/sv\/wp-json\/wp\/v2\/comments?post=304994"}],"wp:featuredmedia":[{"embeddable":true,"href":"https:\/\/my-eliquid.de\/sv\/wp-json\/wp\/v2\/media\/319939"}],"wp:attachment":[{"href":"https:\/\/my-eliquid.de\/sv\/wp-json\/wp\/v2\/media?parent=304994"}],"wp:term":[{"taxonomy":"product_brand","embeddable":true,"href":"https:\/\/my-eliquid.de\/sv\/wp-json\/wp\/v2\/product_brand?post=304994"},{"taxonomy":"product_cat","embeddable":true,"href":"https:\/\/my-eliquid.de\/sv\/wp-json\/wp\/v2\/product_cat?post=304994"},{"taxonomy":"product_tag","embeddable":true,"href":"https:\/\/my-eliquid.de\/sv\/wp-json\/wp\/v2\/product_tag?post=304994"}],"curies":[{"name":"wp","href":"https:\/\/api.w.org\/{rel}","templated":true}]}}