{"id":304999,"date":"2023-04-20T00:00:00","date_gmt":"2023-04-19T22:00:00","guid":{"rendered":"https:\/\/my-eliquid.de\/shop\/oxva-xlim-c-pod-kit\/"},"modified":"2025-11-25T13:52:01","modified_gmt":"2025-11-25T12:52:01","slug":"oxva-xlim-c-pod-kit","status":"publish","type":"product","link":"https:\/\/my-eliquid.de\/sv\/shop\/oxva-xlim-c-pod-kit\/","title":{"rendered":"Oxva | Xlim C | 900 mAh | 2 ml | Pod-kit"},"content":{"rendered":"<p>Nya Xlim C fr\u00e5n OXVA \u2013 kompakt, smal och l\u00e4tt, s\u00e5 presenterar sig Xlim C Pod System fr\u00e5n Oxva i ergonomiskt stickformat.<\/p>\n<p>Liten och liten<\/p>\n<p>OXVA Xlim C Pod Kit har kompakta m\u00e5tt p\u00e5 endast 114,5 mm x 24,0 mm x 14,0 mm, vilket motsvarar m\u00e5tten p\u00e5 en vanlig \u00f6verstrykningspenna \u2013 perfekt f\u00f6r fickan. Kitet \u00e4r tillverkat av h\u00f6gkvalitativ aluminiumlegering och PCTG, ligger perfekt i handen och \u00e4r enkelt och bekv\u00e4mt att anv\u00e4nda.<\/p>\n<p>Stark och m\u00e5ngsidig<\/p>\n<p>OXVA Xlim C Pod-systemet har ett inbyggt 900 mAh-batteri som enkelt kan laddas via USB-C-anslutningen med upp till 2 A. F\u00f6rutom den inbyggda dragautomatikfunktionen har Xlim C \u00e4ven en ergonomisk avfyrningsknapp med inbyggd kontrollampa, vilket g\u00f6r hela upps\u00e4ttningen behagligt enkel att anv\u00e4nda. Med 5 klick kan systemet sl\u00e5s p\u00e5 och av, med 3 klick kan man v\u00e4lja en av tre olika effektniv\u00e5er (l\u00e5g, medel, h\u00f6g) beroende p\u00e5 coil-motst\u00e5ndet. 2 klick l\u00e5ser\/l\u00e5ser upp avfyrningsknappen. Den toppmoderna Photon-chipet garanterar h\u00f6gsta prestanda vid \u00e5ngning och har alla viktiga skyddskretsar ombord.<\/p>\n<p>Tack vare den laterala luftfl\u00f6desinst\u00e4llningen kan dragmotst\u00e5ndet anpassas perfekt efter anv\u00e4ndaren, mellan strikt MTL (bak\u00e5tdrag) eller restriktivt lungdrag.<\/p>\n<p>\u00d6ppen eller klassisk<\/p>\n<p>OXVA Xlim X Pods har en fyllningsvolym p\u00e5 2 ml och har en bekv\u00e4m sidofyllning med en silikonlock. Pods \u00e4r kompatibla med de utbytbara, smakrika OXVA C Meshed Coils, av vilka totalt tre coil-varianter med 0,6, 0,8 och 1,2 ohms motst\u00e5nd finns tillg\u00e4ngliga.<\/p>\n<p>Spolarna p\u00e5 0,6 ohm och 0,8 ohm ing\u00e5r redan i leveransen. Spolen p\u00e5 0,6 ohm \u00e4r avsedd f\u00f6r RDL-dampning i intervallet 18\u201325 watt, medan spolen p\u00e5 0,8 ohm st\u00f6djer b\u00e5de RDL- och MTL-dampning vid 12\u201317 watt. 1,2 ohms-varianten \u00e4r d\u00e4remot tydligt utformad f\u00f6r klassisk MTL-dampning vid 7\u201312 watt.<\/p>\n<p><span><span>OXVA Xlim C Pod-tank<\/span><\/span><\/p>\n<ul>\n<li>Material: PCTG<\/li>\n<li>Anslutning: Plug&amp;Play<\/li>\n<li>Fyllningsvolym: 2 ml<\/li>\n<li>P\u00e5fyllning: Side-Fill-system<\/li>\n<li>Spolar: OXVA Xlim C-spole<\/li>\n<\/ul>\n<p><span><span>OXVA Xlim C Mod<\/span><\/span><\/p>\n<ul>\n<li>M\u00e5tt: 114,5 mm x 24,0 mm x 14,0 mm<\/li>\n<li>Material: Aluminiumlegering, PCTG<\/li>\n<li>Anslutning: Plug&amp;Play<\/li>\n<li>Batteri: 900 mAh<\/li>\n<li>Utg\u00e5ngsl\u00e4gen: VW<\/li>\n<li>Laddning: USB typ C 5V \/ 2A<\/li>\n<\/ul>","protected":false},"excerpt":{"rendered":"<p>OXVA Xlim C Pod-tank<\/p>","protected":false},"featured_media":319933,"comment_status":"open","ping_status":"closed","template":"","meta":{"_acf_changed":false,"_relevanssi_hide_post":"","_relevanssi_hide_content":"","_relevanssi_pin_for_all":"","_relevanssi_pin_keywords":"","_relevanssi_unpin_keywords":"","_relevanssi_related_keywords":"","_relevanssi_related_include_ids":"","_relevanssi_related_exclude_ids":"","_relevanssi_related_no_append":"","_relevanssi_related_not_related":"","_relevanssi_related_posts":"","_relevanssi_noindex_reason":""},"product_brand":[],"product_cat":[4713,4771,4781,4772,4886,4893,4722,4899,4793],"product_tag":[6811,7830,1391,6780,5411,6358,6712,6410,6999,6778,5859,6747,6779],"class_list":{"0":"post-304999","1":"product","2":"type-product","3":"status-publish","4":"has-post-thumbnail","6":"product_cat-e-zigaretten","7":"product_cat-e-zigaretten-fuer-einsteiger","8":"product_cat-e-zigaretten-hersteller","9":"product_cat-e-zigaretten-sets","10":"product_cat-lagerverkauf-hardware-sale","11":"product_cat-limetless-hardware","12":"product_cat-neuheiten","13":"product_cat-oxva","14":"product_cat-e-zigaretten-liquid-basen-aroma-vape-sale","15":"product_tag-2ml","16":"product_tag-7830","17":"product_tag-bitte","18":"product_tag-c","19":"product_tag-e-zigaretten","20":"product_tag-einsteiger","21":"product_tag-fuer","22":"product_tag-kit","23":"product_tag-mah","24":"product_tag-oxva","25":"product_tag-pod","26":"product_tag-sets","27":"product_tag-xlim","28":"product_shipping_class-standard","30":"first","31":"instock","32":"taxable","33":"shipping-taxable","34":"purchasable","35":"product-type-variable"},"acf":[],"_links":{"self":[{"href":"https:\/\/my-eliquid.de\/sv\/wp-json\/wp\/v2\/product\/304999","targetHints":{"allow":["GET"]}}],"collection":[{"href":"https:\/\/my-eliquid.de\/sv\/wp-json\/wp\/v2\/product"}],"about":[{"href":"https:\/\/my-eliquid.de\/sv\/wp-json\/wp\/v2\/types\/product"}],"replies":[{"embeddable":true,"href":"https:\/\/my-eliquid.de\/sv\/wp-json\/wp\/v2\/comments?post=304999"}],"wp:featuredmedia":[{"embeddable":true,"href":"https:\/\/my-eliquid.de\/sv\/wp-json\/wp\/v2\/media\/319933"}],"wp:attachment":[{"href":"https:\/\/my-eliquid.de\/sv\/wp-json\/wp\/v2\/media?parent=304999"}],"wp:term":[{"taxonomy":"product_brand","embeddable":true,"href":"https:\/\/my-eliquid.de\/sv\/wp-json\/wp\/v2\/product_brand?post=304999"},{"taxonomy":"product_cat","embeddable":true,"href":"https:\/\/my-eliquid.de\/sv\/wp-json\/wp\/v2\/product_cat?post=304999"},{"taxonomy":"product_tag","embeddable":true,"href":"https:\/\/my-eliquid.de\/sv\/wp-json\/wp\/v2\/product_tag?post=304999"}],"curies":[{"name":"wp","href":"https:\/\/api.w.org\/{rel}","templated":true}]}}