{"id":305003,"date":"2023-08-23T00:00:00","date_gmt":"2023-08-22T22:00:00","guid":{"rendered":"https:\/\/my-eliquid.de\/shop\/yihi-sxmini-viclass-kit\/"},"modified":"2026-04-07T10:14:27","modified_gmt":"2026-04-07T08:14:27","slug":"yihi-sxmini-viclass-kit","status":"publish","type":"product","link":"https:\/\/my-eliquid.de\/sv\/shop\/yihi-sxmini-viclass-kit\/","title":{"rendered":"YIHI | SXmini | Vi Class Kit"},"content":{"rendered":"<p><strong>YiHi SXmini Vi Class Kit<\/strong><\/p>\n<p>Mit der SXmini Vi Classic pr\u00e4sentiert uns YiHi ein modernes und extrem leichtes All-In-One Kit f\u00fcr MTL, RDL und DL. Die rechteckige Box wurde aus Polycarbonat und einer Aluminium-Legierung gefertigt und liegt dank den abgerundeten Ecken gut in der Hand. Das Cover der SXmini ist in 8 verschiedenen Farbvarianten erh\u00e4ltlich und l\u00e4sst sich bei Bedarf austauschen.<\/p>\n<p>Die SXmini Vi Classic wird mit einer 18650er Akkuzelle betrieben (nicht im Lieferumfang enthalten) und erreicht dabei eine Ausgangsleitung von 1 bis 60 Watt (max. Ausgangsspannung von 8.0 Volt). \u00dcber den USB Typ-C Abschluss kann die Akkuzelle auch intern mit bis zu 1A Ladestrom wieder aufgeladen werden. Die Bedienung erfolgt \u00fcber den runden Feuertaster und den Up &#038; Down Auswahltasten, welche sich unterhalb des Covers befinden. Das Monochrom-Display gibt dabei alle relevanten Informationen \u00fcbersichtlich wieder. Mittels 5-Klick auf den Feuertaster l\u00e4sst sich das System an- bzw. ausschalten und mittels 3-Klick sperren bzw. entsperren.<\/p>\n<p>Die Sxmini Vi Class ist mit Yihi&#8217;s neustem SX505J Chipsatz ausgestattet. Dieser bietet einige Premium-Features, darunter der neue &#8220;Pure&#8221; Mode, eine Art Hybrid-Modus aus klassischem und einfach zu bedienenden Watt- und TC-Modus. Der &#8220;Pure&#8221; Mode bietet eine effektive Dry-Hit Protection welche automatisch erkennt, wenn sich zu wenig oder kein Liquid an der Watte befindet und bricht den Feuervorgang daraufhin rechtzeitig ab, bevor es zum unerfreulichem Dry-Hit kommt. Im Hintergrund werden zudem fortlaufend Temperaturberchnungen vorgenommen, wodurch der Coil gesch\u00fctzt und der Geschmack intensiviert wird. Dar\u00fcber hinaus bietet das Kit einen TC\/TCR-Modus (bis 300\u00b0C), eine Auto-Lock Funktion f\u00fcr den Widerstand und einen klassischen VW\/Power-Modus. Der Dampfer hat zus\u00e4tzlich die Wahl zwischen einer Vielzahl von voreingestellten Leistungskurven (darunter 3 Preheat-Stufen: Soft, Neutral, Hard) sowie 3 Speicherpl\u00e4tzen f\u00fcr das Hinterlegen eigener 10-sek\u00fcndiger Kurven. Aktualisierungen und Software-Updates k\u00f6nnen bei Bedarf \u00fcber den USB Typ-C Anschluss am PC vorgenommen werden.<\/p>\n<p>Die auslaufsicheren VP Pods f\u00fcr die SXmini Vi Class verf\u00fcgen \u00fcber festverbaute Coils und haben, je nach Variante, ein Tankvolumen von 2,5ml, 3ml oder 4ml. Die erh\u00e4ltlichen Pods bieten dabei ein Dampfen in folgenden Wattbereichen an: VP P15 1,0Ohm 10-15Watt, VP P20 0,8Ohm Mesh 15-20Watt, VP P40 0,4Ohm Mesh 35-45Watt. \u00dcber ein komfortables Side-Fill l\u00e4sst sich der Tank bef\u00fcllen, ohne dass dieser aus dem System herausgenommen werden muss. Die Luftzufuhr l\u00e4sst sich \u00fcber eine regulierbare Airflow-Contol mit Schieberegler an der Unterseite einstellen. \u00dcber die geschraubte Drip Tip Base l\u00e4sst sich der eingesetzte Pod fixieren. Die SXmini Vi Class ist zudem mit einem separat erh\u00e4ltlichem Adapter mit den Pods der dotAIO und der dotAIO RBA kompatibel.<\/p>\n<p><span><span><strong>Daten:<\/strong><\/span><\/span><\/p>\n<div class=\"product--description\">\n<ul>\n<li>AIO-System f\u00fcr MTL, RDL &#038; DL<\/li>\n<li>Angenehm leicht &#038; einfache Bedienung<\/li>\n<li>Wechselbare Cover (optional erh\u00e4ltlich)<\/li>\n<li>Arbeitet mit einer 18650er Akkuzelle (nicht im Lieferumfang enthalten)<\/li>\n<li>USB Typ-C Fast-Charging mit 5V \/ 1A<\/li>\n<li>Ausgangsleistung: 1-60 Watt<\/li>\n<li>Max. Ausgangsspannung: 8 Volt<\/li>\n<li>F\u00fcr Widerst\u00e4nde ab 0,15 Ohm<\/li>\n<li>Beste Performance und effiziente Energienutzung dank neustem SX505J Chip<\/li>\n<li>Buck-Boost Technologie<\/li>\n<li>Modi: VW\/Power, TC\/TCR, Pure<\/li>\n<li>Dry-Hit Protection im Pure Modus<\/li>\n<li>Temperaturbereich TC bis 300\u00b0C<\/li>\n<li>7 verschiedenen Leistungskurven (Curve &#038; Preheat) voreigestellt<\/li>\n<li>3 Speicherpl\u00e4tze f\u00fcr individuell erstellte Kurven<\/li>\n<li>Ausgestattet mit umfangreichen Schutzschaltungen<\/li>\n<li>Bedienung \u00fcber den Feuertaster und den Up\/Down Auswahltasten<\/li>\n<li>Kleines Monochrom Display<\/li>\n<li>Geschraubte Drip Tip Base zur sicheren Fixierung des Pods<\/li>\n<li>Kompatibel zur den VP Pod-Tanks<\/li>\n<li>Side-Fill m\u00f6glich, ohne dass der Pod aus dem Kit entfernt werden muss<\/li>\n<li>PR Leak-Resistant-Technologie verhindert Auslaufen, Spit-Backs und Kondensatbildung<\/li>\n<li>Mittels separat erh\u00e4ltlichen Adapter kompatibel zu den Tanks der dotMOD dotAIO<\/li>\n<li>Nettogewicht: 63 Gramm (ohne Tank und Akkuzelle)<\/li>\n<li>Ma\u00dfe: 82,2 X 22 X 48mm (H\u00f6he X Tiefe X Breite)<\/li>\n<\/ul>\n<\/div>","protected":false},"excerpt":{"rendered":"<p>Det <strong>YIHI SXmini Vi Class Kit<\/strong>\u00a0\u00a0<span>Vi Class presenterar \u00e5terigen en kompakt e-cigarett utan kompromisser: YiHi SXmini. Tack vare det utbytbara 18650-batteriet (ing\u00e5r ej i leveransen) levererar kitet upp till 60 watt.<\/span><\/p>","protected":false},"featured_media":319839,"comment_status":"open","ping_status":"closed","template":"","meta":{"_acf_changed":false,"_relevanssi_hide_post":"","_relevanssi_hide_content":"","_relevanssi_pin_for_all":"","_relevanssi_pin_keywords":"","_relevanssi_unpin_keywords":"","_relevanssi_related_keywords":"","_relevanssi_related_include_ids":"","_relevanssi_related_exclude_ids":"","_relevanssi_related_no_append":"","_relevanssi_related_not_related":"","_relevanssi_related_posts":"","_relevanssi_noindex_reason":""},"product_brand":[],"product_cat":[4713,4771,4781,4772,4886,4722,4793,4905],"product_tag":[1391,7399,5411,6358,6712,4974,6410,6747,6946,7398,6537],"class_list":{"0":"post-305003","1":"product","2":"type-product","3":"status-publish","4":"has-post-thumbnail","6":"product_cat-e-zigaretten","7":"product_cat-e-zigaretten-fuer-einsteiger","8":"product_cat-e-zigaretten-hersteller","9":"product_cat-e-zigaretten-sets","10":"product_cat-lagerverkauf-hardware-sale","11":"product_cat-neuheiten","12":"product_cat-e-zigaretten-liquid-basen-aroma-vape-sale","13":"product_cat-yihi","14":"product_tag-bitte","15":"product_tag-class","16":"product_tag-e-zigaretten","17":"product_tag-einsteiger","18":"product_tag-fuer","19":"product_tag-hersteller","20":"product_tag-kit","21":"product_tag-sets","22":"product_tag-sxmini","23":"product_tag-vi","24":"product_tag-yihi","25":"product_shipping_class-standard","27":"first","28":"instock","29":"sale","30":"taxable","31":"shipping-taxable","32":"purchasable","33":"product-type-variable"},"acf":[],"_links":{"self":[{"href":"https:\/\/my-eliquid.de\/sv\/wp-json\/wp\/v2\/product\/305003","targetHints":{"allow":["GET"]}}],"collection":[{"href":"https:\/\/my-eliquid.de\/sv\/wp-json\/wp\/v2\/product"}],"about":[{"href":"https:\/\/my-eliquid.de\/sv\/wp-json\/wp\/v2\/types\/product"}],"replies":[{"embeddable":true,"href":"https:\/\/my-eliquid.de\/sv\/wp-json\/wp\/v2\/comments?post=305003"}],"wp:featuredmedia":[{"embeddable":true,"href":"https:\/\/my-eliquid.de\/sv\/wp-json\/wp\/v2\/media\/319839"}],"wp:attachment":[{"href":"https:\/\/my-eliquid.de\/sv\/wp-json\/wp\/v2\/media?parent=305003"}],"wp:term":[{"taxonomy":"product_brand","embeddable":true,"href":"https:\/\/my-eliquid.de\/sv\/wp-json\/wp\/v2\/product_brand?post=305003"},{"taxonomy":"product_cat","embeddable":true,"href":"https:\/\/my-eliquid.de\/sv\/wp-json\/wp\/v2\/product_cat?post=305003"},{"taxonomy":"product_tag","embeddable":true,"href":"https:\/\/my-eliquid.de\/sv\/wp-json\/wp\/v2\/product_tag?post=305003"}],"curies":[{"name":"wp","href":"https:\/\/api.w.org\/{rel}","templated":true}]}}