{"id":305009,"date":"2018-03-14T00:00:00","date_gmt":"2018-03-13T23:00:00","guid":{"rendered":"https:\/\/my-eliquid.de\/shop\/le-cube\/"},"modified":"2026-02-02T08:49:14","modified_gmt":"2026-02-02T07:49:14","slug":"le-cube","status":"publish","type":"product","link":"https:\/\/my-eliquid.de\/sv\/shop\/le-cube\/","title":{"rendered":"Le Cube \u2013 Jwell"},"content":{"rendered":"<p>\u00c5terigen ger <strong>JWELL<\/strong> med <strong>LE CUB<\/strong>E \u00e4r en e-cigarett som sticker ut fr\u00e5n alla andra enheter hittills. Och jag s\u00e4ger inte bara det, det \u00e4r faktiskt fallet:<\/p>\n<p><strong>LE CUBE<\/strong> \u00e4r pytteliten! 5,5 cm h\u00f6g, 3,5 cm bred och 2,5 cm tjock. Med bara 79 gram \u00e4r den ocks\u00e5 en ovanligt l\u00e4ttviktare bland mini MODs. Med dessa m\u00e5tt \u00e4r f\u00f6r\u00e5ngaren redan integrerad och endast munstycket sticker ut cirka en centimeter fr\u00e5n kuben. En batterikapacitet p\u00e5 <strong>1 750 mAh<\/strong> \u00e4r ovanligt h\u00f6g f\u00f6r en s\u00e5 liten e-cigarett. Utformningen av f\u00f6r\u00e5ngarens motst\u00e5nd av<strong> 0,6 ohm<\/strong> passar kapaciteten mycket bra i rent elektriska termer och framf\u00f6r allt n\u00e4r det g\u00e4ller uth\u00e5llighet och vittnar om e-cigarettexpertis. Den gener\u00f6st tilltagna och integrerade tanken med en volym p\u00e5 2 ml i en s\u00e5 liten e-cigarett \u00e4r lika imponerande.<\/p>\n<p>Tanken befinner sig i en \u201c<strong>Cardridge<\/strong>\u201d - en p\u00e5fyllningsbar enhet som best\u00e5r av ett munstycke, <strong>F\u00f6r\u00e5ngarens k\u00e4rna<\/strong> och v\u00e4tskebeh\u00e5llare med indikator f\u00f6r p\u00e5fyllningsniv\u00e5. Designm\u00e4ssigt \u00e4r LE CUBE enkel och utan krusiduller. De \u201crunda h\u00f6rnen\u201d ger den ett tilltalande utseende och g\u00f6r den ergonomisk att hantera. Utformningen av <strong>Munstycke<\/strong> \u00e4r medvetet utformade med asymmetri s\u00e5 att modden automatiskt h\u00e5lls p\u00e5 r\u00e4tt s\u00e4tt. Den relativt stora eldknappen t\u00e4cker ett helt h\u00f6rn av enheten och man\u00f6vreras intuitivt med tummen; positionen och tryckpunkten \u00e4r behaglig. <strong>LE CUBE<\/strong> \u00e4r en handsmickrare tack vare sina runda h\u00f6rn och den glider in i \u00e4ven den minsta 5:e fickan p\u00e5 de tajtaste jeansen.<\/p>","protected":false},"excerpt":{"rendered":"<p><strong>LE CUBE<\/strong> \u00e4r liten! 5,5 cm h\u00f6g, 3,5 cm bred och 2,5 cm tjock. Dessutom \u00e4r den med sina endast 79 gram ett ovanligt l\u00e4ttviktare bland <strong>Mini-MOD:ar<\/strong>.\u00a0<\/p>","protected":false},"featured_media":319530,"comment_status":"open","ping_status":"closed","template":"","meta":{"_acf_changed":false,"_relevanssi_hide_post":"","_relevanssi_hide_content":"","_relevanssi_pin_for_all":"","_relevanssi_pin_keywords":"","_relevanssi_unpin_keywords":"","_relevanssi_related_keywords":"","_relevanssi_related_include_ids":"","_relevanssi_related_exclude_ids":"","_relevanssi_related_no_append":"","_relevanssi_related_not_related":"","_relevanssi_related_posts":"","_relevanssi_noindex_reason":""},"product_brand":[],"product_cat":[4713,4781,4886,4793],"product_tag":[1391,7124,5411,7125,6870],"class_list":{"0":"post-305009","1":"product","2":"type-product","3":"status-publish","4":"has-post-thumbnail","6":"product_cat-e-zigaretten","7":"product_cat-e-zigaretten-hersteller","8":"product_cat-lagerverkauf-hardware-sale","9":"product_cat-e-zigaretten-liquid-basen-aroma-vape-sale","10":"product_tag-bitte","11":"product_tag-cube","12":"product_tag-e-zigaretten","13":"product_tag-jwell","14":"product_tag-le","15":"product_shipping_class-standard","17":"first","18":"instock","19":"sale","20":"taxable","21":"shipping-taxable","22":"purchasable","23":"product-type-variable"},"acf":[],"_links":{"self":[{"href":"https:\/\/my-eliquid.de\/sv\/wp-json\/wp\/v2\/product\/305009","targetHints":{"allow":["GET"]}}],"collection":[{"href":"https:\/\/my-eliquid.de\/sv\/wp-json\/wp\/v2\/product"}],"about":[{"href":"https:\/\/my-eliquid.de\/sv\/wp-json\/wp\/v2\/types\/product"}],"replies":[{"embeddable":true,"href":"https:\/\/my-eliquid.de\/sv\/wp-json\/wp\/v2\/comments?post=305009"}],"wp:featuredmedia":[{"embeddable":true,"href":"https:\/\/my-eliquid.de\/sv\/wp-json\/wp\/v2\/media\/319530"}],"wp:attachment":[{"href":"https:\/\/my-eliquid.de\/sv\/wp-json\/wp\/v2\/media?parent=305009"}],"wp:term":[{"taxonomy":"product_brand","embeddable":true,"href":"https:\/\/my-eliquid.de\/sv\/wp-json\/wp\/v2\/product_brand?post=305009"},{"taxonomy":"product_cat","embeddable":true,"href":"https:\/\/my-eliquid.de\/sv\/wp-json\/wp\/v2\/product_cat?post=305009"},{"taxonomy":"product_tag","embeddable":true,"href":"https:\/\/my-eliquid.de\/sv\/wp-json\/wp\/v2\/product_tag?post=305009"}],"curies":[{"name":"wp","href":"https:\/\/api.w.org\/{rel}","templated":true}]}}