{"id":305042,"date":"2024-01-25T00:00:00","date_gmt":"2024-01-24T23:00:00","guid":{"rendered":"https:\/\/my-eliquid.de\/shop\/oxva-xlim-sq-pro-pod-kit\/"},"modified":"2025-11-25T13:52:02","modified_gmt":"2025-11-25T12:52:02","slug":"oxva-xlim-sq-pro-pod-kit","status":"publish","type":"product","link":"https:\/\/my-eliquid.de\/sv\/shop\/oxva-xlim-sq-pro-pod-kit\/","title":{"rendered":"Oxva | Xlim SQ Pro | Pod-kit"},"content":{"rendered":"<div class=\"product--rating-container\">\n<p><strong>OXVA Xlim SQ Pro Pod Kit<\/strong><\/p>\n<p>Das neue OXVA Xlim SQ Pro Pod Kit pr\u00e4sentiert sich in einem modernen &#8220;Square Design&#8221;. Die Zinklegierung macht das SQ Pro Pod Kit sehr robust und die verarbeiteten IML-Parts lassen das Pod Kit wahlweise ausgesprochen elegant\u00a0oder besonders modern wirken.<\/p>\n<p>Durch seine kompakten Ma\u00dfe von 77 mm x 54,4 mm x 20,4 mm und dem im Lieferumfang enthaltenen Lanyard ist es zudem der perfekte Begleiter f\u00fcr unterwegs.<\/p>\n<\/div>\n<div class=\"product--rating-container\">Die Pro Variante des OXVA Xlim SQ Pod Kit verspricht ein geschmacksstarkes Dampferlebnis und ist geeignet f\u00fcr MTL und RDL Dampfen. Entsprechend l\u00e4sst sich die Leistung im Bereich von 5 bis 30 Watt regulieren. Aus diesem Grund ist es nicht nur f\u00fcr Einsteiger interessant, sondern auch f\u00fcr erfahrene Dampfer bestens geeignet.<\/div>\n<h3>Tolles Display und ein starker Akku<\/h3>\n<p>Die Akkukapazit\u00e4t des OXVA Xlim SQ Pro Pod Kit kann sich mit 1200 mAh mehr als sehen lassen und verspricht eine lange Akkuausdauer. \u00dcber die USB Typ-C Ladebuchse l\u00e4sst sich das neue OXVA Pod Kit mit bis zu 2 Ampere Ladestrom sehr schnell aufladen. Ein Netzstecker ist wie \u00fcblich nicht im Lieferumfang enthalten.<\/p>\n<p>Ein absoluter Blickfang ist das 0,96 Zoll gro\u00dfe TFT Display. Mit der sehr &#8220;aufger\u00e4umten&#8221; Anordnung aller relevanten Daten wie Akkustand, Leistung, Widerstand, Dampfmodi usw. und dem klaren Farbschema wurde das Display sehr \u00fcbersichtlich gestaltet.\u00a0<\/p>\n<p>Bedient\u00a0wird das OXVA Xlim SQ Pro Pod Kit ausschlie\u00dflich \u00fcber die seitliche Feuertaste, was die Handhabung sehr angenehm macht. \u00dcber diesen l\u00e4sst sich die Leistung im Bereich von 5 bis 30 Watt ausw\u00e4hlen. Im sogenannten Smart-VW erkennt das Kit den Widerstand des Verdampferkopfes und passt die Leistung automatisch an.\u00a0<\/p>\n<h3>Individuelle Regulierung mit verschiedenen Pods und Slider Airflow-Control<\/h3>\n<p>Das OXVA Xlim SQ Pro Pod Kit bleibt mit den\u00a0<a href=\"https:\/\/dampfdorado.de\/3-oxva-xlim-v2-pods-mit-coil\" target=\"_blank\" rel=\"noopener\">OXVA V2 Xlim Pods<\/a>\u00a0und den\u00a0<a href=\"https:\/\/dampfdorado.de\/3-oxva-xlim-top-fill-pods-mit-coil\" target=\"_blank\" rel=\"noopener\">OXVA Top-Fill Pods<\/a>\u00a0mit integrierter Coil kompatibel. Um jedem Dampferherz gerecht zu werden sind diese in verschiedenen Widerst\u00e4nden verf\u00fcgbar (MTL\/RDL). Im Lieferumfang ist bereits ein Xlim Top-Fill Pod mit 0,6 Ohm und einmal mit 0,8 Ohm Widerstand enthalten. Diese besitzen ein Tankvolumen von 2 ml und einer nach oben f\u00fchrenden seitlichen Einf\u00fcll\u00f6ffnung.\u00a0<\/p>\n<p>Der Zugwiderstand l\u00e4sst sich pr\u00e4zise \u00fcber die Slider Airflow-Control steuern. Im Zusammenspiel mit den Podvarianten l\u00e4sst sich das\u00a0 OXVA Xlim SQ Pro Pod Kit somit individuell auf sein\u00a0pers\u00f6nliches Dampfverhalten regulieren.\u00a0<\/p>\n<h3>Die Highlights des\u00a0OXVA Xlim SQ Pro Pod Kit:<\/h3>\n<ul>\n<li>Einsteigerfreundlich durch einfache Handhabung<\/li>\n<li>OXVA Top Fill Pods kompatibel<\/li>\n<li>1200 mAh Akkukapazit\u00e4t<\/li>\n<li>F\u00fcr RDL und MTL Dampfen geeignet<\/li>\n<li>Maximal 30 Watt Ausgangsleistung<\/li>\n<li>2 ml Tankvolumen<\/li>\n<li>Side-Fill (seitliche Bef\u00fcllung von Liquid)<\/li>\n<li>Fast Charging (schnelles Laden mit 2A USB Typ-C)<\/li>\n<\/ul>\n<p><strong>\u00a0<\/strong><\/p>","protected":false},"excerpt":{"rendered":"<p>OXVA Xlim SQ Pro Pod Kit<\/p>","protected":false},"featured_media":319173,"comment_status":"open","ping_status":"closed","template":"","meta":{"_acf_changed":false,"_relevanssi_hide_post":"","_relevanssi_hide_content":"","_relevanssi_pin_for_all":"","_relevanssi_pin_keywords":"","_relevanssi_unpin_keywords":"","_relevanssi_related_keywords":"","_relevanssi_related_include_ids":"","_relevanssi_related_exclude_ids":"","_relevanssi_related_no_append":"","_relevanssi_related_not_related":"","_relevanssi_related_posts":"","_relevanssi_noindex_reason":""},"product_brand":[],"product_cat":[4713,4771,4781,4772,4886,4893,4722,4899,4793],"product_tag":[1391,5411,6358,6712,6410,6778,5859,6702,6747,6802,6779],"class_list":{"0":"post-305042","1":"product","2":"type-product","3":"status-publish","4":"has-post-thumbnail","6":"product_cat-e-zigaretten","7":"product_cat-e-zigaretten-fuer-einsteiger","8":"product_cat-e-zigaretten-hersteller","9":"product_cat-e-zigaretten-sets","10":"product_cat-lagerverkauf-hardware-sale","11":"product_cat-limetless-hardware","12":"product_cat-neuheiten","13":"product_cat-oxva","14":"product_cat-e-zigaretten-liquid-basen-aroma-vape-sale","15":"product_tag-bitte","16":"product_tag-e-zigaretten","17":"product_tag-einsteiger","18":"product_tag-fuer","19":"product_tag-kit","20":"product_tag-oxva","21":"product_tag-pod","22":"product_tag-pro","23":"product_tag-sets","24":"product_tag-sq","25":"product_tag-xlim","26":"product_shipping_class-standard","28":"first","29":"outofstock","30":"taxable","31":"shipping-taxable","32":"purchasable","33":"product-type-variable"},"acf":[],"_links":{"self":[{"href":"https:\/\/my-eliquid.de\/sv\/wp-json\/wp\/v2\/product\/305042","targetHints":{"allow":["GET"]}}],"collection":[{"href":"https:\/\/my-eliquid.de\/sv\/wp-json\/wp\/v2\/product"}],"about":[{"href":"https:\/\/my-eliquid.de\/sv\/wp-json\/wp\/v2\/types\/product"}],"replies":[{"embeddable":true,"href":"https:\/\/my-eliquid.de\/sv\/wp-json\/wp\/v2\/comments?post=305042"}],"wp:featuredmedia":[{"embeddable":true,"href":"https:\/\/my-eliquid.de\/sv\/wp-json\/wp\/v2\/media\/319173"}],"wp:attachment":[{"href":"https:\/\/my-eliquid.de\/sv\/wp-json\/wp\/v2\/media?parent=305042"}],"wp:term":[{"taxonomy":"product_brand","embeddable":true,"href":"https:\/\/my-eliquid.de\/sv\/wp-json\/wp\/v2\/product_brand?post=305042"},{"taxonomy":"product_cat","embeddable":true,"href":"https:\/\/my-eliquid.de\/sv\/wp-json\/wp\/v2\/product_cat?post=305042"},{"taxonomy":"product_tag","embeddable":true,"href":"https:\/\/my-eliquid.de\/sv\/wp-json\/wp\/v2\/product_tag?post=305042"}],"curies":[{"name":"wp","href":"https:\/\/api.w.org\/{rel}","templated":true}]}}