{"id":324892,"date":"2026-04-09T13:14:23","date_gmt":"2026-04-09T11:14:23","guid":{"rendered":"https:\/\/my-eliquid.de\/shop\/geekvape-10meter-ka1-wire-26ga-2\/"},"modified":"2026-04-09T13:25:49","modified_gmt":"2026-04-09T11:25:49","slug":"geekvape-10meter-ka1-wire-26ga-2","status":"publish","type":"product","link":"https:\/\/my-eliquid.de\/sv\/shop\/geekvape-10meter-ka1-wire-26ga-2\/","title":{"rendered":"GeekVape |  DIY Kanthal A1 Wire  | 24GA | Wickeldraht"},"content":{"rendered":"<p><strong>GeekVape 10 Meter DIY KA A1 Wire 24GA Wickeldraht<\/strong><\/p>\n<p style=\"line-height: 19px;\">F\u00fcr hohen Anspruch gibt es einen Profi-Draht welcher durch seine Eigenschaften gl\u00e4nzt. Die Box beinhaltet eine Spule mit 9,14 Meter Kanthal Wickeldraht<\/p>\n<p style=\"line-height: 19px;\">DKanthal A1 ist nicht f\u00fcr Temperaturkontrolle geeignet \u2013 nur Wattmodus nutzen. F\u00fcr MTL eignen sich straff gewickelte, kleine Coils; f\u00fcr DL etwas gr\u00f6\u00dfere Durchmesser<\/p>\n<p style=\"line-height: 19px;\">Produced by GeekVape<\/p>\n<p style=\"line-height: 19px;\">Material: Edelstahl 9,14-Meter-Rolle Drahtst\u00e4rke: 26ga = 0.4mm<\/p>\n<p>Detta erbjudande riktar sig endast till myndiga personer. Lagen om skydd av minder\u00e5riga f\u00f6rbjuder f\u00f6rs\u00e4ljning och leverans av denna artikel till barn och ungdomar. Ett k\u00f6peavtal ing\u00e5s f\u00f6rst efter godk\u00e4nd \u00e5lderskontroll. Dessutom genomf\u00f6r postbudet en kontroll vid leveransen av paketet.<\/p>","protected":false},"excerpt":{"rendered":"<p>GeekVape 10 Meter DIY Kanthal A1 Wire 24GA Wickeldraht<\/p>","protected":false},"featured_media":324896,"comment_status":"closed","ping_status":"closed","template":"","meta":{"_acf_changed":false,"_relevanssi_hide_post":"","_relevanssi_hide_content":"","_relevanssi_pin_for_all":"","_relevanssi_pin_keywords":"","_relevanssi_unpin_keywords":"","_relevanssi_related_keywords":"","_relevanssi_related_include_ids":"","_relevanssi_related_exclude_ids":"","_relevanssi_related_no_append":"","_relevanssi_related_not_related":"","_relevanssi_related_posts":"","_relevanssi_noindex_reason":""},"product_brand":[],"product_cat":[4776,4890,4719,4793],"product_tag":[],"class_list":{"0":"post-324892","1":"product","2":"type-product","3":"status-publish","4":"has-post-thumbnail","6":"product_cat-draht-und-watte","7":"product_cat-draht","8":"product_cat-selbstwickler-dampfer","9":"product_cat-e-zigaretten-liquid-basen-aroma-vape-sale","10":"product_shipping_class-standard","12":"first","13":"instock","14":"taxable","15":"shipping-taxable","16":"purchasable","17":"product-type-simple"},"acf":[],"_links":{"self":[{"href":"https:\/\/my-eliquid.de\/sv\/wp-json\/wp\/v2\/product\/324892","targetHints":{"allow":["GET"]}}],"collection":[{"href":"https:\/\/my-eliquid.de\/sv\/wp-json\/wp\/v2\/product"}],"about":[{"href":"https:\/\/my-eliquid.de\/sv\/wp-json\/wp\/v2\/types\/product"}],"replies":[{"embeddable":true,"href":"https:\/\/my-eliquid.de\/sv\/wp-json\/wp\/v2\/comments?post=324892"}],"wp:featuredmedia":[{"embeddable":true,"href":"https:\/\/my-eliquid.de\/sv\/wp-json\/wp\/v2\/media\/324896"}],"wp:attachment":[{"href":"https:\/\/my-eliquid.de\/sv\/wp-json\/wp\/v2\/media?parent=324892"}],"wp:term":[{"taxonomy":"product_brand","embeddable":true,"href":"https:\/\/my-eliquid.de\/sv\/wp-json\/wp\/v2\/product_brand?post=324892"},{"taxonomy":"product_cat","embeddable":true,"href":"https:\/\/my-eliquid.de\/sv\/wp-json\/wp\/v2\/product_cat?post=324892"},{"taxonomy":"product_tag","embeddable":true,"href":"https:\/\/my-eliquid.de\/sv\/wp-json\/wp\/v2\/product_tag?post=324892"}],"curies":[{"name":"wp","href":"https:\/\/api.w.org\/{rel}","templated":true}]}}