{"id":324934,"date":"2019-10-24T00:00:00","date_gmt":"2019-10-23T22:00:00","guid":{"rendered":"https:\/\/my-eliquid.de\/shop\/mel-aroma-blue-raspberry\/"},"modified":"2026-04-13T14:39:21","modified_gmt":"2026-04-13T12:39:21","slug":"mel-aroma-blue-raspberry","status":"publish","type":"product","link":"https:\/\/my-eliquid.de\/sv\/shop\/mel-aroma-blue-raspberry\/","title":{"rendered":"Blue Raspberry Aroma"},"content":{"rendered":"<p><strong>Saftig<\/strong>, <strong>s\u00f6t<\/strong> und einfach lecker! Unser <strong>Blue Raspberry Aroma<\/strong> wird dich s\u00fcchtig machen!<\/p>\n<p>Ein fruchtiges <strong>Himbeer<\/strong> Erlebnis der <strong>Extraklasse<\/strong>!<\/p>\n<p>Det <strong>Black Currant Aroma<\/strong> eignet sich um Aromatisieren und Herstellen von eigenen Liquids und kann mit anderen Aromen gemischt werden.<\/p>\n<p>Auf diese Weise kreieren Sie immer wieder neue, individuelle Fl\u00fcssigkeiten!<\/p>\n<p><strong>Aromen d\u00fcrfen nicht unverd\u00fcnnt verwendet werden und m\u00fcssen immer einer Base zugesetzt werden.\u00a0<\/strong><\/p>","protected":false},"excerpt":{"rendered":"<p><strong>Saftig<\/strong>,\u00a0<strong>s\u00f6t<\/strong>\u00a0und einfach lecker! Unser\u00a0<strong>Blue Raspberry Aroma<\/strong>\u00a0wird dich s\u00fcchtig machen!\u00a0Ein fruchtiges\u00a0<strong>Himbeer<\/strong>\u00a0Erlebnis der\u00a0<strong>Extraklasse<\/strong>!<\/p>","protected":false},"featured_media":319776,"comment_status":"closed","ping_status":"closed","template":"","meta":{"_acf_changed":false,"_relevanssi_hide_post":"","_relevanssi_hide_content":"","_relevanssi_pin_for_all":"","_relevanssi_pin_keywords":"","_relevanssi_unpin_keywords":"","_relevanssi_related_keywords":"","_relevanssi_related_include_ids":"","_relevanssi_related_exclude_ids":"","_relevanssi_related_no_append":"","_relevanssi_related_not_related":"","_relevanssi_related_posts":"","_relevanssi_noindex_reason":""},"product_brand":[],"product_cat":[4733,4882,4701,4705,4881,4792,4712,4707],"product_tag":[1454,1399,6847,1391,6953,4942,5805,5792,6732,6885,5310,5096,5226,6527],"class_list":{"0":"post-324934","1":"product","2":"type-product","3":"status-publish","4":"has-post-thumbnail","6":"product_cat-alle-aromen","7":"product_cat-aromen-ohne-sucralose","8":"product_cat-aromen","9":"product_cat-frucht-aromen-liquid-e-zigarette","10":"product_cat-my-eliquid-aromen","11":"product_cat-neue-aromen","12":"product_cat-special-aromen-liquid-e-zigarette","13":"product_cat-suesse-aromen-liquid-e-zigarette","14":"product_tag-1454","15":"product_tag-aroma","16":"product_tag-aromen","17":"product_tag-bitte","18":"product_tag-blue","19":"product_tag-frucht","20":"product_tag-liquid","21":"product_tag-liquids","22":"product_tag-ml","23":"product_tag-neue","24":"product_tag-neuheiten","25":"product_tag-raspberry","26":"product_tag-special","27":"product_tag-tabak","28":"product_shipping_class-standard","30":"first","31":"instock","32":"taxable","33":"shipping-taxable","34":"purchasable","35":"product-type-variable"},"acf":[],"_links":{"self":[{"href":"https:\/\/my-eliquid.de\/sv\/wp-json\/wp\/v2\/product\/324934","targetHints":{"allow":["GET"]}}],"collection":[{"href":"https:\/\/my-eliquid.de\/sv\/wp-json\/wp\/v2\/product"}],"about":[{"href":"https:\/\/my-eliquid.de\/sv\/wp-json\/wp\/v2\/types\/product"}],"replies":[{"embeddable":true,"href":"https:\/\/my-eliquid.de\/sv\/wp-json\/wp\/v2\/comments?post=324934"}],"wp:featuredmedia":[{"embeddable":true,"href":"https:\/\/my-eliquid.de\/sv\/wp-json\/wp\/v2\/media\/319776"}],"wp:attachment":[{"href":"https:\/\/my-eliquid.de\/sv\/wp-json\/wp\/v2\/media?parent=324934"}],"wp:term":[{"taxonomy":"product_brand","embeddable":true,"href":"https:\/\/my-eliquid.de\/sv\/wp-json\/wp\/v2\/product_brand?post=324934"},{"taxonomy":"product_cat","embeddable":true,"href":"https:\/\/my-eliquid.de\/sv\/wp-json\/wp\/v2\/product_cat?post=324934"},{"taxonomy":"product_tag","embeddable":true,"href":"https:\/\/my-eliquid.de\/sv\/wp-json\/wp\/v2\/product_tag?post=324934"}],"curies":[{"name":"wp","href":"https:\/\/api.w.org\/{rel}","templated":true}]}}