{"id":324959,"date":"2026-04-14T14:59:15","date_gmt":"2026-04-14T12:59:15","guid":{"rendered":"https:\/\/my-eliquid.de\/shop\/wirice-launcher-w8-mesh-coils-015-ohm-3er-pack\/"},"modified":"2026-04-14T15:01:26","modified_gmt":"2026-04-14T13:01:26","slug":"wirice-launcher-w8-mesh-coils-015-ohm-3er-pack","status":"publish","type":"product","link":"https:\/\/my-eliquid.de\/sv\/shop\/wirice-launcher-w8-mesh-coils-015-ohm-3er-pack\/","title":{"rendered":"Wirice Launcher W8 Mesh Coils 0,15 Ohm \u2013 3er Pack"},"content":{"rendered":"<h2>Wirice W8 Mesh Coils 0,15 Ohm \u2013 3er Pack<\/h2>\n<p>De <strong>Wirice W8 Replacement Mesh Coils<\/strong> wurden speziell f\u00fcr den <strong>Wirice Launcher Mesh Tank<\/strong> entwickelt und bieten eine starke Performance sowie ein intensives Geschmackserlebnis.<\/p>\n<p>Dank des hochwertigen <strong>A1 Mesh-Materials<\/strong> erhitzen sich die Coils besonders schnell und sorgen f\u00fcr eine gleichm\u00e4\u00dfige Verdampfung sowie einen reinen, klaren Geschmack.<\/p>\n<p>Mit einem Widerstand von <strong>0,15 Ohm<\/strong> sind die Coils ideal f\u00fcr DL-Dampfer geeignet, die Wert auf dichte Wolken und intensives Aroma legen.<\/p>\n<h3>Produktdetails<\/h3>\n<ul>\n<li>Original Wirice W8 Mesh Coils<\/li>\n<li>Schnelle Aufheizzeit durch Mesh-Technologie<\/li>\n<li>Intensiver Geschmack und starke Dampfentwicklung<\/li>\n<li>Hochwertiges A1 Material<\/li>\n<li>Ideal f\u00fcr DL (direkter Lungenzug)<\/li>\n<\/ul>\n<h3>Technische Daten<\/h3>\n<ul>\n<li>Modell: W801 Mesh Coil<\/li>\n<li>Widerstand: 0,15 Ohm<\/li>\n<li>Leistungsbereich: 50 &#8211; 70 Watt<\/li>\n<li>Material: A1<\/li>\n<\/ul>\n<h3>Kompatibilit\u00e4t<\/h3>\n<ul>\n<li>Wirice Launcher Mesh Tank<\/li>\n<\/ul>\n<h3>Leveransens omfattning<\/h3>\n<ul>\n<li>1 x 3er Pack Wirice W8 Mesh Coil<\/li>\n<\/ul>\n<h3>Jugendschutz<\/h3>\n<p>Dieses Angebot richtet sich ausschlie\u00dflich an vollj\u00e4hrige Personen. Die Abgabe an Kinder und Jugendliche ist gesetzlich verboten. Ein Kaufvertrag kommt nur nach erfolgreicher Alterspr\u00fcfung zustande. Bei der Zustellung erfolgt zus\u00e4tzlich eine Alterskontrolle.<\/p>","protected":false},"excerpt":{"rendered":"<p>Wirice Launcher Sub Ohm Coils<\/p>","protected":false},"featured_media":324960,"comment_status":"closed","ping_status":"closed","template":"","meta":{"_acf_changed":false,"_relevanssi_hide_post":"","_relevanssi_hide_content":"","_relevanssi_pin_for_all":"","_relevanssi_pin_keywords":"","_relevanssi_unpin_keywords":"","_relevanssi_related_keywords":"","_relevanssi_related_include_ids":"","_relevanssi_related_exclude_ids":"","_relevanssi_related_no_append":"","_relevanssi_related_not_related":"","_relevanssi_related_posts":"","_relevanssi_noindex_reason":""},"product_brand":[],"product_cat":[4778],"product_tag":[],"class_list":{"0":"post-324959","1":"product","2":"type-product","3":"status-publish","4":"has-post-thumbnail","6":"product_cat-verdampferkoepfe","7":"product_shipping_class-standard","9":"first","10":"instock","11":"taxable","12":"shipping-taxable","13":"purchasable","14":"product-type-simple"},"acf":[],"_links":{"self":[{"href":"https:\/\/my-eliquid.de\/sv\/wp-json\/wp\/v2\/product\/324959","targetHints":{"allow":["GET"]}}],"collection":[{"href":"https:\/\/my-eliquid.de\/sv\/wp-json\/wp\/v2\/product"}],"about":[{"href":"https:\/\/my-eliquid.de\/sv\/wp-json\/wp\/v2\/types\/product"}],"replies":[{"embeddable":true,"href":"https:\/\/my-eliquid.de\/sv\/wp-json\/wp\/v2\/comments?post=324959"}],"wp:featuredmedia":[{"embeddable":true,"href":"https:\/\/my-eliquid.de\/sv\/wp-json\/wp\/v2\/media\/324960"}],"wp:attachment":[{"href":"https:\/\/my-eliquid.de\/sv\/wp-json\/wp\/v2\/media?parent=324959"}],"wp:term":[{"taxonomy":"product_brand","embeddable":true,"href":"https:\/\/my-eliquid.de\/sv\/wp-json\/wp\/v2\/product_brand?post=324959"},{"taxonomy":"product_cat","embeddable":true,"href":"https:\/\/my-eliquid.de\/sv\/wp-json\/wp\/v2\/product_cat?post=324959"},{"taxonomy":"product_tag","embeddable":true,"href":"https:\/\/my-eliquid.de\/sv\/wp-json\/wp\/v2\/product_tag?post=324959"}],"curies":[{"name":"wp","href":"https:\/\/api.w.org\/{rel}","templated":true}]}}